{"id":104,"date":"2022-10-05T07:02:11","date_gmt":"2022-10-05T05:02:11","guid":{"rendered":"http:\/\/lepennec.org\/martmites\/wordpress\/?page_id=104"},"modified":"2023-02-08T14:35:49","modified_gmt":"2023-02-08T13:35:49","slug":"notre-demarche","status":"publish","type":"page","link":"http:\/\/lepennec.org\/martmites\/wordpress\/notre-demarche\/","title":{"rendered":"Notre d\u00e9marche"},"content":{"rendered":"\n<p><strong>les mARTmites associent l&rsquo;Art au territoire.<\/strong><\/p>\n\n\n\n<p>L&rsquo;association, en itin\u00e9rance, favorise l&rsquo;acc\u00e8s \u00e0 l&rsquo;offre culturelle et artistique pour tous et toutes en la proposant directement sur la place d&rsquo;un village. Elle promeut les artistes locaux et une approche p\u00e9dagogique des diff\u00e9rentes disciplines artistiques.<\/p>\n\n\n\n<p>Elle soutient la dynamique de vie sociale dans les villages ruraux, en partenariat avec les groupes locaux, en animant diff\u00e9rents ateliers sur une terrasse conviviale aux allures de guinguette qui invite chaque personne \u00e0 s\u2019installer et \u00e0 se rencontrer. Mais aussi en valorisant toutes les initiatives locales du village et alentours.<\/p>\n\n\n\n<figure class=\"wp-block-image aligncenter size-full\"><img loading=\"lazy\" decoding=\"async\" width=\"640\" height=\"427\" src=\"http:\/\/lepennec.org\/martmites\/wordpress\/wp-content\/uploads\/2022\/10\/V44A1517.jpg\" alt=\"\" class=\"wp-image-312\" srcset=\"http:\/\/lepennec.org\/martmites\/wordpress\/wp-content\/uploads\/2022\/10\/V44A1517.jpg 640w, http:\/\/lepennec.org\/martmites\/wordpress\/wp-content\/uploads\/2022\/10\/V44A1517-300x200.jpg 300w\" sizes=\"auto, (max-width: 640px) 100vw, 640px\" \/><\/figure>\n\n\n\n<p>Les mARTmites oeuvrent \u00e0&nbsp; :<\/p>\n\n\n\n<p><strong>Soutenir la vie socioculturelle locale<\/strong><\/p>\n\n\n\n<p>&#8211; D\u00e9velopper des liens entre les diff\u00e9rentes personnes du village<\/p>\n\n\n\n<p>-Construire avec et pour les habitant.e.s<\/p>\n\n\n\n<p>&#8211; Valoriser son territoire ou comment se cr\u00e9er une histoire commune<\/p>\n\n\n\n<p><strong>Favoriser l\u2019acc\u00e8s \u00e0 l\u2019offre culturelle et artistique pour tous et toutes<\/strong><\/p>\n\n\n\n<p>&#8211; Proposer des spectacles dans l\u2019espace public accessibles \u00e0 toutes et tous<\/p>\n\n\n\n<p>&#8211; Encourager les initiatives artistiques locales<\/p>\n\n\n\n<p>&#8211; Proposer des ateliers dans des structures d\u2019accueil du public (\u00e9coles, foyers m\u00e9dicalis\u00e9s,<\/p>\n\n\n\n<p>EHPAD&#8230;.) via la r\u00e9sidence artistique<\/p>\n\n\n\n<p><strong>S\u2019inscrire dans une d\u00e9marche de respect de l\u2019environnement et de<\/strong><\/p>\n\n\n\n<p>&#8211; valorisation des circuits courts<\/p>\n\n\n\n<p>&#8211; Valoriser la th\u00e9matique de l\u2019alimentation<\/p>\n\n\n\n<p>&#8211; Valoriser le territoire naturel environnant<\/p>\n","protected":false},"excerpt":{"rendered":"<p>les mARTmites associent l&rsquo;Art au territoire. L&rsquo;association, en itin\u00e9rance, favorise l&rsquo;acc\u00e8s \u00e0 l&rsquo;offre culturelle et artistique pour tous et toutes en la proposant directement sur la place d&rsquo;un village. Elle promeut les artistes locaux et une approche p\u00e9dagogique des diff\u00e9rentes disciplines artistiques. Elle soutient la dynamique de vie sociale dans les villages ruraux, en partenariat [&hellip;]<\/p>\n","protected":false},"author":1,"featured_media":305,"parent":0,"menu_order":0,"comment_status":"closed","ping_status":"closed","template":"","meta":{"ngg_post_thumbnail":0,"_mc_calendar":[],"footnotes":""},"class_list":["post-104","page","type-page","status-publish","has-post-thumbnail","hentry"],"_links":{"self":[{"href":"http:\/\/lepennec.org\/martmites\/wordpress\/wp-json\/wp\/v2\/pages\/104","targetHints":{"allow":["GET"]}}],"collection":[{"href":"http:\/\/lepennec.org\/martmites\/wordpress\/wp-json\/wp\/v2\/pages"}],"about":[{"href":"http:\/\/lepennec.org\/martmites\/wordpress\/wp-json\/wp\/v2\/types\/page"}],"author":[{"embeddable":true,"href":"http:\/\/lepennec.org\/martmites\/wordpress\/wp-json\/wp\/v2\/users\/1"}],"replies":[{"embeddable":true,"href":"http:\/\/lepennec.org\/martmites\/wordpress\/wp-json\/wp\/v2\/comments?post=104"}],"version-history":[{"count":8,"href":"http:\/\/lepennec.org\/martmites\/wordpress\/wp-json\/wp\/v2\/pages\/104\/revisions"}],"predecessor-version":[{"id":490,"href":"http:\/\/lepennec.org\/martmites\/wordpress\/wp-json\/wp\/v2\/pages\/104\/revisions\/490"}],"wp:featuredmedia":[{"embeddable":true,"href":"http:\/\/lepennec.org\/martmites\/wordpress\/wp-json\/wp\/v2\/media\/305"}],"wp:attachment":[{"href":"http:\/\/lepennec.org\/martmites\/wordpress\/wp-json\/wp\/v2\/media?parent=104"}],"curies":[{"name":"wp","href":"https:\/\/api.w.org\/{rel}","templated":true}]}}