{"id":492,"date":"2023-02-08T14:37:41","date_gmt":"2023-02-08T13:37:41","guid":{"rendered":"https:\/\/lepennec.org\/martmites\/wordpress\/?page_id=492"},"modified":"2023-02-09T11:39:43","modified_gmt":"2023-02-09T10:39:43","slug":"le-mardi-des-tous-petits","status":"publish","type":"page","link":"http:\/\/lepennec.org\/martmites\/wordpress\/le-mardi-des-tous-petits\/","title":{"rendered":"Le mardi des tout-petits"},"content":{"rendered":"\n<p class=\"has-text-align-left\">Les mARTmites vous invitent, une fois par mois, \u00e0 un moment d\u00e9di\u00e9 aux enfants de 0 \u00e0 3 ans ainsi qu&rsquo;\u00e0 leurs parents ou \u00e0 leurs accompagnateurs<\/p>\n\n\n\n<p class=\"has-text-align-left\">Nous proposons des animations adapt\u00e9es aux tout-petits et un accueil convivial avec tisanes et jus pour les grands.<\/p>\n\n\n\n<p class=\"has-text-align-left\">L&rsquo;accueil est libre de 9h30 \u00e0 11h sans inscription<\/p>\n\n\n\n<figure class=\"wp-block-image aligncenter size-full\"><img loading=\"lazy\" decoding=\"async\" width=\"645\" height=\"898\" src=\"https:\/\/lepennec.org\/martmites\/wordpress\/wp-content\/uploads\/2023\/02\/petits.png\" alt=\"\" class=\"wp-image-565\" srcset=\"http:\/\/lepennec.org\/martmites\/wordpress\/wp-content\/uploads\/2023\/02\/petits.png 645w, http:\/\/lepennec.org\/martmites\/wordpress\/wp-content\/uploads\/2023\/02\/petits-215x300.png 215w\" sizes=\"auto, (max-width: 645px) 100vw, 645px\" \/><\/figure>\n","protected":false},"excerpt":{"rendered":"<p>Les mARTmites vous invitent, une fois par mois, \u00e0 un moment d\u00e9di\u00e9 aux enfants de 0 \u00e0 3 ans ainsi qu&rsquo;\u00e0 leurs parents ou \u00e0 leurs accompagnateurs Nous proposons des animations adapt\u00e9es aux tout-petits et un accueil convivial avec tisanes et jus pour les grands. L&rsquo;accueil est libre de 9h30 \u00e0 11h sans inscription<\/p>\n","protected":false},"author":1,"featured_media":566,"parent":0,"menu_order":0,"comment_status":"closed","ping_status":"closed","template":"","meta":{"ngg_post_thumbnail":0,"_mc_calendar":[],"footnotes":""},"class_list":["post-492","page","type-page","status-publish","has-post-thumbnail","hentry"],"_links":{"self":[{"href":"http:\/\/lepennec.org\/martmites\/wordpress\/wp-json\/wp\/v2\/pages\/492","targetHints":{"allow":["GET"]}}],"collection":[{"href":"http:\/\/lepennec.org\/martmites\/wordpress\/wp-json\/wp\/v2\/pages"}],"about":[{"href":"http:\/\/lepennec.org\/martmites\/wordpress\/wp-json\/wp\/v2\/types\/page"}],"author":[{"embeddable":true,"href":"http:\/\/lepennec.org\/martmites\/wordpress\/wp-json\/wp\/v2\/users\/1"}],"replies":[{"embeddable":true,"href":"http:\/\/lepennec.org\/martmites\/wordpress\/wp-json\/wp\/v2\/comments?post=492"}],"version-history":[{"count":6,"href":"http:\/\/lepennec.org\/martmites\/wordpress\/wp-json\/wp\/v2\/pages\/492\/revisions"}],"predecessor-version":[{"id":569,"href":"http:\/\/lepennec.org\/martmites\/wordpress\/wp-json\/wp\/v2\/pages\/492\/revisions\/569"}],"wp:featuredmedia":[{"embeddable":true,"href":"http:\/\/lepennec.org\/martmites\/wordpress\/wp-json\/wp\/v2\/media\/566"}],"wp:attachment":[{"href":"http:\/\/lepennec.org\/martmites\/wordpress\/wp-json\/wp\/v2\/media?parent=492"}],"curies":[{"name":"wp","href":"https:\/\/api.w.org\/{rel}","templated":true}]}}